{"id":1015,"date":"2018-03-15T12:09:27","date_gmt":"2018-03-15T12:09:27","guid":{"rendered":"http:\/\/lestmartin.ca\/new\/?page_id=1015"},"modified":"2026-02-10T19:03:58","modified_gmt":"2026-02-10T19:03:58","slug":"wedding-packages","status":"publish","type":"page","link":"https:\/\/lestmartinlaval.com\/en\/wedding-packages\/","title":{"rendered":"Wedding packages"},"content":{"rendered":"<section class=\"wpb-content-wrapper\"><p>[vc_row full_width=&#8221;stretch_row_content_no_spaces&#8221; equal_height=&#8221;yes&#8221; content_placement=&#8221;bottom&#8221;][vc_column width=&#8221;9\/12&#8243; css=&#8221;.vc_custom_1770750219514{padding-top: 150px !important;padding-bottom: 150px !important;background-image: url(https:\/\/lestmartinlaval.com\/wp-content\/uploads\/2025\/10\/chapiteau-redu.jpg?id=3523) !important;background-position: center !important;background-repeat: no-repeat !important;background-size: cover !important;}&#8221;][\/vc_column][vc_column width=&#8221;3\/12&#8243;]<div class=\" vc_custom_1510542635822  uavc-icons \">\n<a class=\"aio-tooltip 69ef4ea1742f2\" href=\"https:\/\/www.facebook.com\/hotellestmartinlaval\" target=\"_blank\" rel=\"noopener\"  data-toggle=\"tooltip\" data-placement=\"\" title=\"\"><div class=\"aio-icon circle border_1_icon\" data-animation=\"\" data-animation-delay=\"03\" style=\"color:#827717;font-size:20px;margin-right:5px;\">\n\t<i class=\"Defaults-facebook facebook-f\"><\/i>\n<\/div><\/a>\n<a class=\"aio-tooltip 69ef4ea174357\" href=\"https:\/\/www.instagram.com\/lestmartinlaval\/\" target=\"_blank\" rel=\"noopener\"  data-toggle=\"tooltip\" data-placement=\"\" title=\"\"><div class=\"aio-icon circle border_1_icon\" data-animation=\"\" data-animation-delay=\"03\" style=\"color:#827717;font-size:20px;margin-right:5px;\">\n\t<i class=\"Defaults-instagram\"><\/i>\n<\/div><\/a><\/div>[vc_separator color=&#8221;custom&#8221; align=&#8221;align_left&#8221; border_width=&#8221;10&#8243; el_width=&#8221;30&#8243; accent_color=&#8221;#827717&#8243; css=&#8221;.vc_custom_1510541357840{margin-bottom: 10px !important;margin-left: 20px !important;}&#8221;][vc_column_text css=&#8221;.vc_custom_1514481084779{margin-left: 20px !important;}&#8221;]<\/p>\n<h2>\u00a0CHOISISSEZ<\/h2>\n<h2>\u00a0VOTRE <a href=\"https:\/\/reservations.travelclick.com\/77289?hotelId=77289&amp;languageID=2#\/guestsandrooms\">DATE<\/a>\u00a0<i class=\"fa fa-calendar\"><\/i><\/h2>\n<h2 style=\"color: #827717; margin-bottom: 0px;\"><\/h2>\n<p>[\/vc_column_text][vc_btn title=&#8221;R\u00c9SERVEZ&#8221; style=&#8221;flat&#8221; shape=&#8221;square&#8221; color=&#8221;sandy-brown&#8221; size=&#8221;lg&#8221; align=&#8221;left&#8221; css=&#8221;.vc_custom_1514481106975{margin-bottom: 0px !important;}&#8221; link=&#8221;url:https%3A%2F%2Freservations.travelclick.com%2F77289%3FhotelId%3D77289%26languageID%3D2%23%2Fguestsandrooms|&#8221;][\/vc_column][\/vc_row][vc_row][vc_column width=&#8221;1\/2&#8243; css=&#8221;.vc_custom_1510542861796{margin-bottom: 0px !important;padding-top: 50px !important;padding-bottom: 50px !important;}&#8221;][vc_column_text css=&#8221;.vc_custom_1677872129097{margin-left: 20px !important;}&#8221;]<\/p>\n<h1>FORFAIT MARIAGE<\/h1>\n<p>[\/vc_column_text][\/vc_column][vc_column width=&#8221;1\/2&#8243;][\/vc_column][\/vc_row][vc_row][vc_column css=&#8221;.vc_custom_1510542861796{margin-bottom: 0px !important;padding-top: 50px !important;padding-bottom: 50px !important;}&#8221;][vc_column_text css=&#8221;.vc_custom_1677872137361{margin-left: 20px !important;}&#8221;]Les H\u00f4tels St-Martin offrent un lieu \u00e9l\u00e9gant, priv\u00e9 et exclusif pour que vous et votre bien-aim\u00e9(e) puissiez vous ch\u00e9rir et partager des souvenirs pour toujours.<\/p>\n<p>Avec son allure champ\u00eatre infus\u00e9e d\u2019une architecture de ch\u00e2teau fran\u00e7ais et son chapiteau unique situ\u00e9 dans le jardin ext\u00e9rieur, rien ne se compare au service et \u00e0 l\u2019exp\u00e9rience que vous recevrez \u00e0 cet h\u00f4tel situ\u00e9 \u00e0 quelques minutes de la grande r\u00e9gion de Montr\u00e9al.<\/p>\n<p>Nous suscitons votre curiosit\u00e9 et vous invitons \u00e0 prendre rendez-vous avec l\u2019\u00e9quipe des Banquets afin de rendre ce r\u00eave une r\u00e9alit\u00e9![\/vc_column_text][\/vc_column][\/vc_row][vc_row gap=&#8221;20&#8243; equal_height=&#8221;yes&#8221; content_placement=&#8221;bottom&#8221; css=&#8221;.vc_custom_1511405249682{margin-top: 80px !important;margin-bottom: 80px !important;}&#8221;][vc_column width=&#8221;1\/2&#8243; css=&#8221;.vc_custom_1522097354266{padding-top: 200px !important;padding-bottom: 200px !important;background-image: url(http:\/\/lestmartin.com\/Laval\/wp-content\/uploads\/2017\/12\/IMG_122156-e1521123997141.jpg?id=459) !important;background-position: center !important;background-repeat: no-repeat !important;background-size: cover !important;}&#8221;][\/vc_column][vc_column width=&#8221;1\/2&#8243;][vc_separator color=&#8221;custom&#8221; align=&#8221;align_left&#8221; border_width=&#8221;10&#8243; el_width=&#8221;30&#8243; accent_color=&#8221;#827717&#8243; css=&#8221;.vc_custom_1510546300374{margin-bottom: 20px !important;margin-left: 0px !important;}&#8221;][vc_column_text css=&#8221;.vc_custom_1646431281929{margin-left: 0px !important;}&#8221;]<\/p>\n<h1>Forfait Mariage 2025<\/h1>\n<p>[\/vc_column_text][vc_column_text][\/vc_column_text][vc_btn title=&#8221;LE MENU&#8221; style=&#8221;flat&#8221; shape=&#8221;square&#8221; color=&#8221;sandy-brown&#8221; size=&#8221;lg&#8221; align=&#8221;left&#8221; css=&#8221;.vc_custom_1646431092675{margin-bottom: 0px !important;}&#8221; link=&#8221;||target:%20_blank|&#8221;][\/vc_column][\/vc_row][vc_row][vc_column css=&#8221;.vc_custom_1510546641723{margin-top: 30px !important;margin-bottom: 30px !important;}&#8221;][vc_separator color=&#8221;custom&#8221; align=&#8221;align_left&#8221; border_width=&#8221;10&#8243; el_width=&#8221;30&#8243; accent_color=&#8221;#827717&#8243; css=&#8221;.vc_custom_1510546300374{margin-bottom: 20px !important;margin-left: 0px !important;}&#8221;][\/vc_column][\/vc_row][vc_row gap=&#8221;20&#8243; equal_height=&#8221;yes&#8221; content_placement=&#8221;bottom&#8221; css=&#8221;.vc_custom_1511405249682{margin-top: 80px !important;margin-bottom: 80px !important;}&#8221;][vc_column width=&#8221;1\/2&#8243; css=&#8221;.vc_custom_1547487872737{padding-top: 200px !important;padding-bottom: 200px !important;background-image: url(https:\/\/lestmartinlaval.com\/wp-content\/uploads\/2018\/03\/CC814-petit-d\u00e9jeuner.jpg?id=1694) !important;background-position: center !important;background-repeat: no-repeat !important;background-size: cover !important;}&#8221;][\/vc_column][vc_column width=&#8221;1\/2&#8243;][vc_separator color=&#8221;custom&#8221; align=&#8221;align_left&#8221; border_width=&#8221;10&#8243; el_width=&#8221;30&#8243; accent_color=&#8221;#827717&#8243; css=&#8221;.vc_custom_1510546300374{margin-bottom: 20px !important;margin-left: 0px !important;}&#8221;][vc_column_text css=&#8221;.vc_custom_1547486641479{margin-left: 0px !important;}&#8221;]<\/p>\n<h1>Brunch Nuptiale<\/h1>\n<p>[\/vc_column_text][vc_column_text][\/vc_column_text][vc_btn title=&#8221;LE MENU&#8221; style=&#8221;flat&#8221; shape=&#8221;square&#8221; color=&#8221;sandy-brown&#8221; size=&#8221;lg&#8221; align=&#8221;left&#8221; css=&#8221;.vc_custom_1646431105664{margin-bottom: 0px !important;}&#8221; link=&#8221;||target:%20_blank|&#8221;][\/vc_column][\/vc_row][vc_row][vc_column css=&#8221;.vc_custom_1510546641723{margin-top: 30px !important;margin-bottom: 30px !important;}&#8221;][vc_separator color=&#8221;custom&#8221; align=&#8221;align_left&#8221; border_width=&#8221;10&#8243; el_width=&#8221;30&#8243; accent_color=&#8221;#827717&#8243; css=&#8221;.vc_custom_1510546300374{margin-bottom: 20px !important;margin-left: 0px !important;}&#8221;][\/vc_column][\/vc_row][vc_row gap=&#8221;20&#8243; equal_height=&#8221;yes&#8221; content_placement=&#8221;bottom&#8221; css=&#8221;.vc_custom_1511405249682{margin-top: 80px !important;margin-bottom: 80px !important;}&#8221;][vc_column width=&#8221;1\/2&#8243; css=&#8221;.vc_custom_1522097412571{padding-top: 200px !important;padding-bottom: 200px !important;background-image: url(http:\/\/lestmartin.com\/Laval\/wp-content\/uploads\/2017\/12\/IMG_122156-e1521123997141.jpg?id=459) !important;background-position: center !important;background-repeat: no-repeat !important;background-size: cover !important;}&#8221;][\/vc_column][vc_column width=&#8221;1\/2&#8243;][vc_separator color=&#8221;custom&#8221; align=&#8221;align_left&#8221; border_width=&#8221;10&#8243; el_width=&#8221;30&#8243; accent_color=&#8221;#827717&#8243; css=&#8221;.vc_custom_1510546300374{margin-bottom: 20px !important;margin-left: 0px !important;}&#8221;][vc_column_text css=&#8221;.vc_custom_1521116505200{margin-left: 0px !important;}&#8221;]<\/p>\n<h1 id=\"tw-target-text\" class=\"tw-data-text tw-ta tw-text-medium\" dir=\"ltr\" data-placeholder=\"Translation\">Informations G\u00e9n\u00e9rales<\/h1>\n<p>[\/vc_column_text][vc_column_text][\/vc_column_text][vc_btn title=&#8221;VOIR LES D\u00c9TAILS&#8221; style=&#8221;flat&#8221; shape=&#8221;square&#8221; color=&#8221;sandy-brown&#8221; size=&#8221;lg&#8221; align=&#8221;left&#8221; css=&#8221;.vc_custom_1646431261998{margin-bottom: 0px !important;}&#8221; link=&#8221;||target:%20_blank|&#8221;][\/vc_column][\/vc_row][vc_row][vc_column css=&#8221;.vc_custom_1510546641723{margin-top: 30px !important;margin-bottom: 30px !important;}&#8221;][vc_separator color=&#8221;custom&#8221; align=&#8221;align_left&#8221; border_width=&#8221;10&#8243; el_width=&#8221;30&#8243; accent_color=&#8221;#827717&#8243; css=&#8221;.vc_custom_1510546300374{margin-bottom: 20px !important;margin-left: 0px !important;}&#8221;][\/vc_column][\/vc_row][vc_row full_width=&#8221;stretch_row_content_no_spaces&#8221; equal_height=&#8221;yes&#8221; content_placement=&#8221;middle&#8221;][vc_column width=&#8221;1\/2&#8243;][vc_row_inner][vc_column_inner width=&#8221;1\/2&#8243; offset=&#8221;vc_col-lg-offset-3 vc_col-lg-6 vc_col-md-offset-0 vc_col-md-12 vc_col-xs-12&#8243;][vc_column_text]<\/p>\n<div class=\"fusion-one-fourth one_fourth fusion-column\">\n<h3>Notre Adresse<\/h3>\n<p>1400 Rue Maurice-Gauvin<br \/>\nLaval, Qu\u00e9bec<br \/>\nH7S 2P1, Canada<\/p>\n<h3>Nous joindre:<\/h3>\n<p>Courriel:\u00a0<a href=\"mailto:info@lestmartin.com\">info@lestmartin.com<\/a><\/p>\n<p>T\u00e9l: 450.902.3000<\/p>\n<p>Fax: 450.902.3030<\/p>\n<p>Sans Frais: 1.866.904.6835<\/p>\n<\/div>\n<p>[\/vc_column_text][\/vc_column_inner][\/vc_row_inner][\/vc_column][vc_column width=&#8221;1\/2&#8243; css=&#8221;.vc_custom_1510546994632{padding-top: 0px !important;padding-right: 0px !important;padding-bottom: 0px !important;padding-left: 0px !important;}&#8221;][vc_separator color=&#8221;custom&#8221; align=&#8221;align_right&#8221; border_width=&#8221;10&#8243; el_width=&#8221;30&#8243; accent_color=&#8221;#827717&#8243; css=&#8221;.vc_custom_1510547449145{margin-bottom: 0px !important;}&#8221; el_class=&#8221;z999&#8243;][vc_single_image image=&#8221;2288&#8243; img_size=&#8221;full&#8221; onclick=&#8221;custom_link&#8221; img_link_target=&#8221;_blank&#8221; link=&#8221;https:\/\/www.google.ca\/maps\/place\/Le+St-Martin+Hotel+%26+Suites\/@45.5654958,-73.7369969,17z\/data=!3m1!4b1!4m8!3m7!1s0x4cc923cc3a2df81b:0x26d8836121e0b2e0!5m2!4m1!1i2!8m2!3d45.5654958!4d-73.7348082&#8243;][\/vc_column][\/vc_row]<\/p>\n<\/section>","protected":false},"excerpt":{"rendered":"<p>[vc_row full_width=&#8221;stretch_row_content_no_spaces&#8221; equal_height=&#8221;yes&#8221; content_placement=&#8221;bottom&#8221;][vc_column width=&#8221;9\/12&#8243; css=&#8221;.vc_custom_1770750219514{padding-top: 150px !important;padding-bottom: 150px !important;background-image: url(https:\/\/lestmartinlaval.com\/wp-content\/uploads\/2025\/10\/chapiteau-redu.jpg?id=3523) !important;background-position: center !important;background-repeat: no-repeat !important;background-size: cover !important;}&#8221;][\/vc_column][vc_column width=&#8221;3\/12&#8243;][vc_separator color=&#8221;custom&#8221; align=&#8221;align_left&#8221; border_width=&#8221;10&#8243; el_width=&#8221;30&#8243; accent_color=&#8221;#827717&#8243; css=&#8221;.vc_custom_1510541357840{margin-bottom: 10px !important;margin-left: 20px !important;}&#8221;][vc_column_text css=&#8221;.vc_custom_1514481084779{margin-left: 20px !important;}&#8221;] \u00a0CHOISISSEZ \u00a0VOTRE DATE\u00a0 [\/vc_column_text][vc_btn title=&#8221;R\u00c9SERVEZ&#8221; style=&#8221;flat&#8221; shape=&#8221;square&#8221; color=&#8221;sandy-brown&#8221; size=&#8221;lg&#8221; align=&#8221;left&#8221; css=&#8221;.vc_custom_1514481106975{margin-bottom: 0px !important;}&#8221; link=&#8221;url:https%3A%2F%2Freservations.travelclick.com%2F77289%3FhotelId%3D77289%26languageID%3D2%23%2Fguestsandrooms|&#8221;][\/vc_column][\/vc_row][vc_row][vc_column width=&#8221;1\/2&#8243; css=&#8221;.vc_custom_1510542861796{margin-bottom: 0px !important;padding-top: 50px !important;padding-bottom: 50px !important;}&#8221;][vc_column_text css=&#8221;.vc_custom_1677872129097{margin-left:&hellip;<\/p>\n","protected":false},"author":2,"featured_media":0,"parent":0,"menu_order":0,"comment_status":"closed","ping_status":"closed","template":"","meta":{"_exactmetrics_skip_tracking":false,"_exactmetrics_sitenote_active":false,"_exactmetrics_sitenote_note":"","_exactmetrics_sitenote_category":0,"footnotes":""},"class_list":["post-1015","page","type-page","status-publish","hentry","description-off"],"yoast_head":"<!-- This site is optimized with the Yoast SEO plugin v23.4 - https:\/\/yoast.com\/wordpress\/plugins\/seo\/ -->\n<title>Wedding packages - Hotel Le St-Martin Laval | Laval, Canada<\/title>\n<meta name=\"robots\" content=\"index, follow, max-snippet:-1, max-image-preview:large, max-video-preview:-1\" \/>\n<link rel=\"canonical\" href=\"https:\/\/lestmartinlaval.com\/en\/wedding-packages\/\" \/>\n<meta property=\"og:locale\" content=\"en_US\" \/>\n<meta property=\"og:type\" content=\"article\" \/>\n<meta property=\"og:title\" content=\"Wedding packages - Hotel Le St-Martin Laval | Laval, Canada\" \/>\n<meta property=\"og:description\" content=\"[vc_row full_width=&#8221;stretch_row_content_no_spaces&#8221; equal_height=&#8221;yes&#8221; content_placement=&#8221;bottom&#8221;][vc_column width=&#8221;9\/12&#8243; css=&#8221;.vc_custom_1770750219514{padding-top: 150px !important;padding-bottom: 150px !important;background-image: url(https:\/\/lestmartinlaval.com\/wp-content\/uploads\/2025\/10\/chapiteau-redu.jpg?id=3523) !important;background-position: center !important;background-repeat: no-repeat !important;background-size: cover !important;}&#8221;][\/vc_column][vc_column width=&#8221;3\/12&#8243;][vc_separator color=&#8221;custom&#8221; align=&#8221;align_left&#8221; border_width=&#8221;10&#8243; el_width=&#8221;30&#8243; accent_color=&#8221;#827717&#8243; css=&#8221;.vc_custom_1510541357840{margin-bottom: 10px !important;margin-left: 20px !important;}&#8221;][vc_column_text css=&#8221;.vc_custom_1514481084779{margin-left: 20px !important;}&#8221;] \u00a0CHOISISSEZ \u00a0VOTRE DATE\u00a0 [\/vc_column_text][vc_btn title=&#8221;R\u00c9SERVEZ&#8221; style=&#8221;flat&#8221; shape=&#8221;square&#8221; color=&#8221;sandy-brown&#8221; size=&#8221;lg&#8221; align=&#8221;left&#8221; css=&#8221;.vc_custom_1514481106975{margin-bottom: 0px !important;}&#8221; link=&#8221;url:https%3A%2F%2Freservations.travelclick.com%2F77289%3FhotelId%3D77289%26languageID%3D2%23%2Fguestsandrooms|&#8221;][\/vc_column][\/vc_row][vc_row][vc_column width=&#8221;1\/2&#8243; css=&#8221;.vc_custom_1510542861796{margin-bottom: 0px !important;padding-top: 50px !important;padding-bottom: 50px !important;}&#8221;][vc_column_text css=&#8221;.vc_custom_1677872129097{margin-left:&hellip;\" \/>\n<meta property=\"og:url\" content=\"https:\/\/lestmartinlaval.com\/en\/wedding-packages\/\" \/>\n<meta property=\"og:site_name\" content=\"Hotel Le St-Martin Laval | Laval, Canada\" \/>\n<meta property=\"article:publisher\" content=\"https:\/\/www.facebook.com\/hotellestmartinlaval\/\" \/>\n<meta property=\"article:modified_time\" content=\"2026-02-10T19:03:58+00:00\" \/>\n<meta name=\"twitter:card\" content=\"summary_large_image\" \/>\n<meta name=\"twitter:label1\" content=\"Est. reading time\" \/>\n\t<meta name=\"twitter:data1\" content=\"3 minutes\" \/>\n<script type=\"application\/ld+json\" class=\"yoast-schema-graph\">{\"@context\":\"https:\/\/schema.org\",\"@graph\":[{\"@type\":\"WebPage\",\"@id\":\"https:\/\/lestmartinlaval.com\/en\/wedding-packages\/\",\"url\":\"https:\/\/lestmartinlaval.com\/en\/wedding-packages\/\",\"name\":\"Wedding packages - Hotel Le St-Martin Laval | Laval, Canada\",\"isPartOf\":{\"@id\":\"https:\/\/lestmartinlaval.com\/en\/#website\"},\"datePublished\":\"2018-03-15T12:09:27+00:00\",\"dateModified\":\"2026-02-10T19:03:58+00:00\",\"breadcrumb\":{\"@id\":\"https:\/\/lestmartinlaval.com\/en\/wedding-packages\/#breadcrumb\"},\"inLanguage\":\"en-US\",\"potentialAction\":[{\"@type\":\"ReadAction\",\"target\":[\"https:\/\/lestmartinlaval.com\/en\/wedding-packages\/\"]}]},{\"@type\":\"BreadcrumbList\",\"@id\":\"https:\/\/lestmartinlaval.com\/en\/wedding-packages\/#breadcrumb\",\"itemListElement\":[{\"@type\":\"ListItem\",\"position\":1,\"name\":\"Home\",\"item\":\"https:\/\/lestmartinlaval.com\/en\/\"},{\"@type\":\"ListItem\",\"position\":2,\"name\":\"Wedding packages\"}]},{\"@type\":\"WebSite\",\"@id\":\"https:\/\/lestmartinlaval.com\/en\/#website\",\"url\":\"https:\/\/lestmartinlaval.com\/en\/\",\"name\":\"Hotel Le St-Martin Laval | Laval, Canada\",\"description\":\"Hotel Le st martin laval\",\"potentialAction\":[{\"@type\":\"SearchAction\",\"target\":{\"@type\":\"EntryPoint\",\"urlTemplate\":\"https:\/\/lestmartinlaval.com\/en\/?s={search_term_string}\"},\"query-input\":{\"@type\":\"PropertyValueSpecification\",\"valueRequired\":true,\"valueName\":\"search_term_string\"}}],\"inLanguage\":\"en-US\"}]}<\/script>\n<!-- \/ Yoast SEO plugin. -->","yoast_head_json":{"title":"Wedding packages - Hotel Le St-Martin Laval | Laval, Canada","robots":{"index":"index","follow":"follow","max-snippet":"max-snippet:-1","max-image-preview":"max-image-preview:large","max-video-preview":"max-video-preview:-1"},"canonical":"https:\/\/lestmartinlaval.com\/en\/wedding-packages\/","og_locale":"en_US","og_type":"article","og_title":"Wedding packages - Hotel Le St-Martin Laval | Laval, Canada","og_description":"[vc_row full_width=&#8221;stretch_row_content_no_spaces&#8221; equal_height=&#8221;yes&#8221; content_placement=&#8221;bottom&#8221;][vc_column width=&#8221;9\/12&#8243; css=&#8221;.vc_custom_1770750219514{padding-top: 150px !important;padding-bottom: 150px !important;background-image: url(https:\/\/lestmartinlaval.com\/wp-content\/uploads\/2025\/10\/chapiteau-redu.jpg?id=3523) !important;background-position: center !important;background-repeat: no-repeat !important;background-size: cover !important;}&#8221;][\/vc_column][vc_column width=&#8221;3\/12&#8243;][vc_separator color=&#8221;custom&#8221; align=&#8221;align_left&#8221; border_width=&#8221;10&#8243; el_width=&#8221;30&#8243; accent_color=&#8221;#827717&#8243; css=&#8221;.vc_custom_1510541357840{margin-bottom: 10px !important;margin-left: 20px !important;}&#8221;][vc_column_text css=&#8221;.vc_custom_1514481084779{margin-left: 20px !important;}&#8221;] \u00a0CHOISISSEZ \u00a0VOTRE DATE\u00a0 [\/vc_column_text][vc_btn title=&#8221;R\u00c9SERVEZ&#8221; style=&#8221;flat&#8221; shape=&#8221;square&#8221; color=&#8221;sandy-brown&#8221; size=&#8221;lg&#8221; align=&#8221;left&#8221; css=&#8221;.vc_custom_1514481106975{margin-bottom: 0px !important;}&#8221; link=&#8221;url:https%3A%2F%2Freservations.travelclick.com%2F77289%3FhotelId%3D77289%26languageID%3D2%23%2Fguestsandrooms|&#8221;][\/vc_column][\/vc_row][vc_row][vc_column width=&#8221;1\/2&#8243; css=&#8221;.vc_custom_1510542861796{margin-bottom: 0px !important;padding-top: 50px !important;padding-bottom: 50px !important;}&#8221;][vc_column_text css=&#8221;.vc_custom_1677872129097{margin-left:&hellip;","og_url":"https:\/\/lestmartinlaval.com\/en\/wedding-packages\/","og_site_name":"Hotel Le St-Martin Laval | Laval, Canada","article_publisher":"https:\/\/www.facebook.com\/hotellestmartinlaval\/","article_modified_time":"2026-02-10T19:03:58+00:00","twitter_card":"summary_large_image","twitter_misc":{"Est. reading time":"3 minutes"},"schema":{"@context":"https:\/\/schema.org","@graph":[{"@type":"WebPage","@id":"https:\/\/lestmartinlaval.com\/en\/wedding-packages\/","url":"https:\/\/lestmartinlaval.com\/en\/wedding-packages\/","name":"Wedding packages - Hotel Le St-Martin Laval | Laval, Canada","isPartOf":{"@id":"https:\/\/lestmartinlaval.com\/en\/#website"},"datePublished":"2018-03-15T12:09:27+00:00","dateModified":"2026-02-10T19:03:58+00:00","breadcrumb":{"@id":"https:\/\/lestmartinlaval.com\/en\/wedding-packages\/#breadcrumb"},"inLanguage":"en-US","potentialAction":[{"@type":"ReadAction","target":["https:\/\/lestmartinlaval.com\/en\/wedding-packages\/"]}]},{"@type":"BreadcrumbList","@id":"https:\/\/lestmartinlaval.com\/en\/wedding-packages\/#breadcrumb","itemListElement":[{"@type":"ListItem","position":1,"name":"Home","item":"https:\/\/lestmartinlaval.com\/en\/"},{"@type":"ListItem","position":2,"name":"Wedding packages"}]},{"@type":"WebSite","@id":"https:\/\/lestmartinlaval.com\/en\/#website","url":"https:\/\/lestmartinlaval.com\/en\/","name":"Hotel Le St-Martin Laval | Laval, Canada","description":"Hotel Le st martin laval","potentialAction":[{"@type":"SearchAction","target":{"@type":"EntryPoint","urlTemplate":"https:\/\/lestmartinlaval.com\/en\/?s={search_term_string}"},"query-input":{"@type":"PropertyValueSpecification","valueRequired":true,"valueName":"search_term_string"}}],"inLanguage":"en-US"}]}},"_links":{"self":[{"href":"https:\/\/lestmartinlaval.com\/en\/wp-json\/wp\/v2\/pages\/1015","targetHints":{"allow":["GET"]}}],"collection":[{"href":"https:\/\/lestmartinlaval.com\/en\/wp-json\/wp\/v2\/pages"}],"about":[{"href":"https:\/\/lestmartinlaval.com\/en\/wp-json\/wp\/v2\/types\/page"}],"author":[{"embeddable":true,"href":"https:\/\/lestmartinlaval.com\/en\/wp-json\/wp\/v2\/users\/2"}],"replies":[{"embeddable":true,"href":"https:\/\/lestmartinlaval.com\/en\/wp-json\/wp\/v2\/comments?post=1015"}],"version-history":[{"count":26,"href":"https:\/\/lestmartinlaval.com\/en\/wp-json\/wp\/v2\/pages\/1015\/revisions"}],"predecessor-version":[{"id":3539,"href":"https:\/\/lestmartinlaval.com\/en\/wp-json\/wp\/v2\/pages\/1015\/revisions\/3539"}],"wp:attachment":[{"href":"https:\/\/lestmartinlaval.com\/en\/wp-json\/wp\/v2\/media?parent=1015"}],"curies":[{"name":"wp","href":"https:\/\/api.w.org\/{rel}","templated":true}]}}