{"id":2801,"date":"2024-04-12T14:12:18","date_gmt":"2024-04-12T14:12:18","guid":{"rendered":"https:\/\/lavalbeta.com\/?page_id=2801"},"modified":"2024-09-17T11:00:44","modified_gmt":"2024-09-17T11:00:44","slug":"rooms","status":"publish","type":"page","link":"https:\/\/lestmartinlaval.com\/en\/rooms\/","title":{"rendered":"Rooms"},"content":{"rendered":"<section class=\"wpb-content-wrapper\"><p>[vc_row full_width=&#8221;stretch_row_content_no_spaces&#8221; equal_height=&#8221;yes&#8221; content_placement=&#8221;bottom&#8221;][vc_column width=&#8221;9\/12&#8243; css=&#8221;.vc_custom_1553952773173{padding-top: 150px !important;padding-bottom: 150px !important;background-image: url(https:\/\/lestmartinlaval.com\/wp-content\/uploads\/2019\/03\/Untitled-design-10.jpeg?id=1910) !important;background-position: center !important;background-repeat: no-repeat !important;background-size: cover !important;}&#8221;][\/vc_column][vc_column width=&#8221;3\/12&#8243;]<div class=\" vc_custom_1510542635822  uavc-icons \">\n<a class=\"aio-tooltip 69e22f6506613\" href=\"https:\/\/www.facebook.com\/hotellestmartinlaval\" target=\"_blank\" rel=\"noopener\"  data-toggle=\"tooltip\" data-placement=\"\" title=\"\"><div class=\"aio-icon circle border_1_icon\" data-animation=\"\" data-animation-delay=\"03\" style=\"color:#000000;font-size:20px;margin-right:5px;\">\n\t<i class=\"Defaults-facebook facebook-f\"><\/i>\n<\/div><\/a>\n<a class=\"aio-tooltip 69e22f650665c\" href=\"https:\/\/www.instagram.com\/lestmartinlaval\/\" target=\"_blank\" rel=\"noopener\"  data-toggle=\"tooltip\" data-placement=\"\" title=\"\"><div class=\"aio-icon circle border_1_icon\" data-animation=\"\" data-animation-delay=\"03\" style=\"color:#000000;font-size:20px;margin-right:5px;\">\n\t<i class=\"Defaults-instagram\"><\/i>\n<\/div><\/a><\/div>[vc_separator color=&#8221;custom&#8221; align=&#8221;align_left&#8221; border_width=&#8221;10&#8243; el_width=&#8221;30&#8243; accent_color=&#8221;#827717&#8243; css=&#8221;.vc_custom_1510541357840{margin-bottom: 10px !important;margin-left: 20px !important;}&#8221;][vc_column_text css=&#8221;.vc_custom_1514644389628{margin-left: 20px !important;}&#8221;]<\/p>\n<h2>\u00a0CHOISISSEZ<\/h2>\n<h2>\u00a0VOTRE <a href=\"https:\/\/reservations.travelclick.com\/77289?hotelId=77289&amp;languageID=2#\/guestsandrooms\">DATE<\/a>\u00a0<i class=\"fa fa-calendar\"><\/i><\/h2>\n<h2 style=\"color: #827717; margin-bottom: 0px;\"><\/h2>\n<p>[\/vc_column_text][vc_btn title=&#8221;R\u00c9SERVEZ&#8221; style=&#8221;flat&#8221; shape=&#8221;square&#8221; color=&#8221;black&#8221; size=&#8221;lg&#8221; align=&#8221;left&#8221; css=&#8221;.vc_custom_1710425474906{margin-bottom: 0px !important;}&#8221; link=&#8221;url:https%3A%2F%2Freservations.travelclick.com%2F77289%3FhotelId%3D77289%26languageID%3D2%23%2Fguestsandrooms|&#8221;][\/vc_column][\/vc_row][vc_row][vc_column width=&#8221;7\/12&#8243; css=&#8221;.vc_custom_1510542861796{margin-bottom: 0px !important;padding-top: 50px !important;padding-bottom: 50px !important;}&#8221;][vc_column_text css=&#8221;.vc_custom_1677874543718{margin-left: 20px !important;}&#8221;]<\/p>\n<h2>NOTRE S\u00c9LECTION DE<\/h2>\n<h2>CHAMBRES PRESTIGIEUSES<\/h2>\n<p>[\/vc_column_text][\/vc_column][vc_column width=&#8221;5\/12&#8243;][\/vc_column][\/vc_row][vc_row gap=&#8221;20&#8243; equal_height=&#8221;yes&#8221; content_placement=&#8221;bottom&#8221; css=&#8221;.vc_custom_1511405249682{margin-top: 80px !important;margin-bottom: 80px !important;}&#8221;][vc_column width=&#8221;1\/2&#8243; css=&#8221;.vc_custom_1553292311763{padding-top: 200px !important;padding-bottom: 200px !important;background-image: url(https:\/\/lestmartinlaval.com\/wp-content\/uploads\/2017\/11\/Hotel-laval-chambre-classic-1.jpg?id=1732) !important;background-position: center !important;background-repeat: no-repeat !important;background-size: cover !important;}&#8221;][\/vc_column][vc_column width=&#8221;1\/2&#8243;][vc_separator color=&#8221;custom&#8221; align=&#8221;align_left&#8221; border_width=&#8221;10&#8243; el_width=&#8221;30&#8243; css_animation=&#8221;fadeInLeft&#8221; accent_color=&#8221;#827717&#8243; css=&#8221;.vc_custom_1553975639126{margin-bottom: 20px !important;margin-left: 0px !important;}&#8221;][vc_column_text css=&#8221;.vc_custom_1708901065555{margin-left: 0px !important;}&#8221;]<\/p>\n<h1>CHAMBRES<\/h1>\n<h2>SANS FOYER<\/h2>\n<p>[\/vc_column_text][vc_column_text]Ces chambres conjuguent \u00e0 la fois \u00e9l\u00e9gance et confort dans une empreinte de raffinement. Les chambres sans foyer\u00a0 sont \u00e9quip\u00e9es d\u2019un lit King ou deux lits Queen, d\u2019un fauteuil de repos avec son repose-pied, d\u2019un secr\u00e9taire incluant acc\u00e8s \u00e0 l\u2019Internet sans fil. Les chambres sont climatis\u00e9es et dot\u00e9es de salles de bain spacieuses.<\/p>\n<p><strong>Dimensions<\/strong>: 352 \u00e0 358 pieds carr\u00e9s \u2013 Classique King ou 2 lits Queen<\/p>\n<p>[\/vc_column_text][vc_btn title=&#8221;D\u00c9COUVRIR LES CHAMBRES SANS FOYER&#8221; style=&#8221;flat&#8221; shape=&#8221;square&#8221; color=&#8221;black&#8221; size=&#8221;lg&#8221; align=&#8221;left&#8221; link=&#8221;url:https%3A%2F%2Flavalbeta.com%2Fchambres%2Fchambres-sans-foyer-2%2F|title:Chambres%20sans%20foyer&#8221;][\/vc_column][\/vc_row][vc_row][vc_column css=&#8221;.vc_custom_1510546641723{margin-top: 30px !important;margin-bottom: 30px !important;}&#8221;][vc_separator color=&#8221;custom&#8221; align=&#8221;align_left&#8221; border_width=&#8221;10&#8243; el_width=&#8221;30&#8243; accent_color=&#8221;#827717&#8243; css=&#8221;.vc_custom_1510546300374{margin-bottom: 20px !important;margin-left: 0px !important;}&#8221;][\/vc_column][\/vc_row][vc_row gap=&#8221;20&#8243; equal_height=&#8221;yes&#8221; content_placement=&#8221;bottom&#8221; css=&#8221;.vc_custom_1511405249682{margin-top: 80px !important;margin-bottom: 80px !important;}&#8221;][vc_column width=&#8221;1\/2&#8243; css=&#8221;.vc_custom_1553952508116{padding-top: 200px !important;padding-bottom: 200px !important;background-image: url(https:\/\/lestmartinlaval.com\/wp-content\/uploads\/2017\/12\/IMG_122233_v2.jpg?id=1392) !important;background-position: center !important;background-repeat: no-repeat !important;background-size: cover !important;}&#8221;][\/vc_column][vc_column width=&#8221;1\/2&#8243;][vc_separator color=&#8221;custom&#8221; align=&#8221;align_left&#8221; border_width=&#8221;10&#8243; el_width=&#8221;30&#8243; css_animation=&#8221;fadeInLeft&#8221; accent_color=&#8221;#827717&#8243; css=&#8221;.vc_custom_1553975657495{margin-bottom: 20px !important;margin-left: 0px !important;}&#8221;][vc_column_text css=&#8221;.vc_custom_1708901101789{margin-left: 0px !important;}&#8221;]<\/p>\n<h1>CHAMBRES<\/h1>\n<h2>AVEC FOYER<\/h2>\n<p>[\/vc_column_text][vc_column_text]Ces chambres luxueuses sont spacieuses et accueillantes. La lumi\u00e8re du jour p\u00e9n\u00e8tre \u00e0 flot par les fen\u00eatres, offrant des vues imprenables sur le jardin typiquement europ\u00e9en. De chaudes harmonies de couleurs s\u2019associent avec les meubles en bois fonc\u00e9 conf\u00e9rant \u00e0 la chambre une allure contemporaine. Des chaises confortables devant le foyer permettent de lire paisiblement tandis que le bureau offre assez d\u2019espace pour travailler ais\u00e9ment. La salle de bain est \u00e9clair\u00e9e, spacieuse et dot\u00e9e d\u2019une douche vitr\u00e9e.<\/p>\n<p><strong>Dimensions :<\/strong>\u00a0350 pieds carr\u00e9s<\/p>\n<div id=\"tw-target-text-container\" class=\"tw-ta-container tw-nfl\">\n<p id=\"tw-target-text\" class=\"tw-data-text tw-ta tw-text-medium\" dir=\"ltr\" data-placeholder=\"Translation\">\n<\/div>\n<p>[\/vc_column_text][vc_btn title=&#8221;D\u00c9COUVRIR LES CHAMBRES AVEC FOYER&#8221; style=&#8221;flat&#8221; shape=&#8221;square&#8221; color=&#8221;black&#8221; size=&#8221;lg&#8221; align=&#8221;left&#8221; link=&#8221;url:https%3A%2F%2Flavalbeta.com%2Fchambres%2Fchambres-avec-foyer%2F|title:Chambres%20avec%20foyer&#8221;][\/vc_column][\/vc_row][vc_row][vc_column css=&#8221;.vc_custom_1510546641723{margin-top: 30px !important;margin-bottom: 30px !important;}&#8221;][vc_separator color=&#8221;custom&#8221; align=&#8221;align_left&#8221; border_width=&#8221;10&#8243; el_width=&#8221;30&#8243; accent_color=&#8221;#827717&#8243; css=&#8221;.vc_custom_1510546300374{margin-bottom: 20px !important;margin-left: 0px !important;}&#8221;][\/vc_column][\/vc_row][vc_row gap=&#8221;20&#8243; equal_height=&#8221;yes&#8221; content_placement=&#8221;bottom&#8221; css=&#8221;.vc_custom_1511405249682{margin-top: 80px !important;margin-bottom: 80px !important;}&#8221;][vc_column width=&#8221;1\/2&#8243; css=&#8221;.vc_custom_1553292509788{padding-top: 200px !important;padding-bottom: 200px !important;background-image: url(https:\/\/lestmartinlaval.com\/wp-content\/uploads\/2017\/11\/SUPERIOR-ROOM-slide.jpg?id=1758) !important;background-position: center !important;background-repeat: no-repeat !important;background-size: cover !important;}&#8221;][\/vc_column][vc_column width=&#8221;1\/2&#8243;][vc_separator color=&#8221;custom&#8221; align=&#8221;align_left&#8221; border_width=&#8221;10&#8243; el_width=&#8221;30&#8243; css_animation=&#8221;fadeInLeft&#8221; accent_color=&#8221;#827717&#8243; css=&#8221;.vc_custom_1553975694556{margin-bottom: 20px !important;margin-left: 0px !important;}&#8221;][vc_column_text css=&#8221;.vc_custom_1708901147180{margin-left: 0px !important;}&#8221;]<\/p>\n<h1>CHAMBRES<\/h1>\n<h2>LOFT<\/h2>\n<p>[\/vc_column_text][vc_column_text]Chambre ferm\u00e9e, 1 lit King, salon avec sofa lit et cuisine compl\u00e8te<\/p>\n<p dir=\"ltr\" data-placeholder=\"Translation\"><strong>Dimensions :\u00a0<\/strong><span lang=\"fr\">670 &#8211; 870 pieds carr\u00e9s<\/span><\/p>\n<p>[\/vc_column_text][vc_btn title=&#8221;D\u00c9COUVRIR LES LOFTS&#8221; style=&#8221;flat&#8221; shape=&#8221;square&#8221; color=&#8221;black&#8221; size=&#8221;lg&#8221; align=&#8221;left&#8221; link=&#8221;url:https%3A%2F%2Flavalbeta.com%2Fchambres%2Fchambres-loft-2%2F|title:Chambres%20Loft&#8221;][\/vc_column][\/vc_row][vc_row][vc_column css=&#8221;.vc_custom_1510546641723{margin-top: 30px !important;margin-bottom: 30px !important;}&#8221;][vc_separator color=&#8221;custom&#8221; align=&#8221;align_left&#8221; border_width=&#8221;10&#8243; el_width=&#8221;30&#8243; accent_color=&#8221;#827717&#8243; css=&#8221;.vc_custom_1510546300374{margin-bottom: 20px !important;margin-left: 0px !important;}&#8221;][\/vc_column][\/vc_row][vc_row full_width=&#8221;stretch_row_content_no_spaces&#8221; equal_height=&#8221;yes&#8221; content_placement=&#8221;middle&#8221;][vc_column width=&#8221;1\/2&#8243;][vc_row_inner][vc_column_inner width=&#8221;1\/2&#8243; offset=&#8221;vc_col-lg-offset-3 vc_col-lg-6 vc_col-md-offset-0 vc_col-md-12 vc_col-xs-12&#8243;][vc_column_text]<\/p>\n<div class=\"fusion-one-fourth one_fourth fusion-column\">\n<h3>Notre Adresse<\/h3>\n<p>1400 Rue Maurice-Gauvin<br \/>\nLaval, Qu\u00e9bec<br \/>\nH7S 2P1, Canada<\/p>\n<h3>Nous joindre:<\/h3>\n<p>Courriel:\u00a0<a href=\"mailto:info@lestmartin.com\">info@lestmartin.com<\/a><\/p>\n<p>T\u00e9l: <a href=\"http:\/\/tel &lt;a href=&quot;450-902-3000&quot;&gt;&lt;\/a&gt;\">450.902.3000<\/a><\/p>\n<p>Fax: 450.902.3030<\/p>\n<p>Sans Frais: <a href=\"http:\/\/tel &lt;a href=&quot;1-866-904-6835&quot;&gt;&lt;\/a&gt;\">1.866.904.6835<\/a><\/p>\n<\/div>\n<p>[\/vc_column_text][\/vc_column_inner][\/vc_row_inner][\/vc_column][vc_column width=&#8221;1\/2&#8243; css=&#8221;.vc_custom_1510546994632{padding-top: 0px !important;padding-right: 0px !important;padding-bottom: 0px !important;padding-left: 0px !important;}&#8221;][vc_separator color=&#8221;custom&#8221; align=&#8221;align_right&#8221; border_width=&#8221;10&#8243; el_width=&#8221;30&#8243; accent_color=&#8221;#827717&#8243; css=&#8221;.vc_custom_1510547449145{margin-bottom: 0px !important;}&#8221; el_class=&#8221;z999&#8243;][vc_single_image image=&#8221;2754&#8243; img_size=&#8221;full&#8221; onclick=&#8221;custom_link&#8221; img_link_target=&#8221;_blank&#8221; link=&#8221;https:\/\/www.google.ca\/maps\/dir\/\/Le+St-Martin+H%C3%B4tel+%26+Suites,+1400+Rue+Maurice-Gauvin,+Laval,+Quebec+H7S+2P1\/@45.5654958,-73.7348082,17z\/data=!3m1!5s0x4cc923cc3fa3a68b:0xb903324707a0dfc0!4m8!4m7!1m0!1m5!1m1!1s0x4cc923cc3a2df81b:0x26d8836121e0b2e0!2m2!1d-73.7348082!2d45.5654958?entry=ttu&#8221;][\/vc_column][\/vc_row]<\/p>\n<\/section>","protected":false},"excerpt":{"rendered":"<p>[vc_row full_width=&#8221;stretch_row_content_no_spaces&#8221; equal_height=&#8221;yes&#8221; content_placement=&#8221;bottom&#8221;][vc_column width=&#8221;9\/12&#8243; css=&#8221;.vc_custom_1553952773173{padding-top: 150px !important;padding-bottom: 150px !important;background-image: url(https:\/\/lestmartinlaval.com\/wp-content\/uploads\/2019\/03\/Untitled-design-10.jpeg?id=1910) !important;background-position: center !important;background-repeat: no-repeat !important;background-size: cover !important;}&#8221;][\/vc_column][vc_column width=&#8221;3\/12&#8243;][vc_separator color=&#8221;custom&#8221; align=&#8221;align_left&#8221; border_width=&#8221;10&#8243; el_width=&#8221;30&#8243; accent_color=&#8221;#827717&#8243; css=&#8221;.vc_custom_1510541357840{margin-bottom: 10px !important;margin-left: 20px !important;}&#8221;][vc_column_text css=&#8221;.vc_custom_1514644389628{margin-left: 20px !important;}&#8221;] \u00a0CHOISISSEZ \u00a0VOTRE DATE\u00a0 [\/vc_column_text][vc_btn title=&#8221;R\u00c9SERVEZ&#8221; style=&#8221;flat&#8221; shape=&#8221;square&#8221; color=&#8221;black&#8221; size=&#8221;lg&#8221; align=&#8221;left&#8221; css=&#8221;.vc_custom_1710425474906{margin-bottom: 0px !important;}&#8221; link=&#8221;url:https%3A%2F%2Freservations.travelclick.com%2F77289%3FhotelId%3D77289%26languageID%3D2%23%2Fguestsandrooms|&#8221;][\/vc_column][\/vc_row][vc_row][vc_column width=&#8221;7\/12&#8243; css=&#8221;.vc_custom_1510542861796{margin-bottom: 0px !important;padding-top: 50px !important;padding-bottom: 50px !important;}&#8221;][vc_column_text css=&#8221;.vc_custom_1677874543718{margin-left:&hellip;<\/p>\n","protected":false},"author":7,"featured_media":0,"parent":0,"menu_order":0,"comment_status":"closed","ping_status":"closed","template":"","meta":{"_exactmetrics_skip_tracking":false,"_exactmetrics_sitenote_active":false,"_exactmetrics_sitenote_note":"","_exactmetrics_sitenote_category":0,"footnotes":""},"class_list":["post-2801","page","type-page","status-publish","hentry","description-off"],"yoast_head":"<!-- This site is optimized with the Yoast SEO plugin v23.4 - https:\/\/yoast.com\/wordpress\/plugins\/seo\/ -->\n<title>Rooms - Hotel Le St-Martin Laval | Laval, Canada<\/title>\n<meta name=\"robots\" content=\"index, follow, max-snippet:-1, max-image-preview:large, max-video-preview:-1\" \/>\n<link rel=\"canonical\" href=\"https:\/\/lestmartinlaval.com\/en\/rooms\/\" \/>\n<meta property=\"og:locale\" content=\"en_US\" \/>\n<meta property=\"og:type\" content=\"article\" \/>\n<meta property=\"og:title\" content=\"Rooms - Hotel Le St-Martin Laval | Laval, Canada\" \/>\n<meta property=\"og:description\" content=\"[vc_row full_width=&#8221;stretch_row_content_no_spaces&#8221; equal_height=&#8221;yes&#8221; content_placement=&#8221;bottom&#8221;][vc_column width=&#8221;9\/12&#8243; css=&#8221;.vc_custom_1553952773173{padding-top: 150px !important;padding-bottom: 150px !important;background-image: url(https:\/\/lestmartinlaval.com\/wp-content\/uploads\/2019\/03\/Untitled-design-10.jpeg?id=1910) !important;background-position: center !important;background-repeat: no-repeat !important;background-size: cover !important;}&#8221;][\/vc_column][vc_column width=&#8221;3\/12&#8243;][vc_separator color=&#8221;custom&#8221; align=&#8221;align_left&#8221; border_width=&#8221;10&#8243; el_width=&#8221;30&#8243; accent_color=&#8221;#827717&#8243; css=&#8221;.vc_custom_1510541357840{margin-bottom: 10px !important;margin-left: 20px !important;}&#8221;][vc_column_text css=&#8221;.vc_custom_1514644389628{margin-left: 20px !important;}&#8221;] \u00a0CHOISISSEZ \u00a0VOTRE DATE\u00a0 [\/vc_column_text][vc_btn title=&#8221;R\u00c9SERVEZ&#8221; style=&#8221;flat&#8221; shape=&#8221;square&#8221; color=&#8221;black&#8221; size=&#8221;lg&#8221; align=&#8221;left&#8221; css=&#8221;.vc_custom_1710425474906{margin-bottom: 0px !important;}&#8221; link=&#8221;url:https%3A%2F%2Freservations.travelclick.com%2F77289%3FhotelId%3D77289%26languageID%3D2%23%2Fguestsandrooms|&#8221;][\/vc_column][\/vc_row][vc_row][vc_column width=&#8221;7\/12&#8243; css=&#8221;.vc_custom_1510542861796{margin-bottom: 0px !important;padding-top: 50px !important;padding-bottom: 50px !important;}&#8221;][vc_column_text css=&#8221;.vc_custom_1677874543718{margin-left:&hellip;\" \/>\n<meta property=\"og:url\" content=\"https:\/\/lestmartinlaval.com\/en\/rooms\/\" \/>\n<meta property=\"og:site_name\" content=\"Hotel Le St-Martin Laval | Laval, Canada\" \/>\n<meta property=\"article:publisher\" content=\"https:\/\/www.facebook.com\/hotellestmartinlaval\/\" \/>\n<meta property=\"article:modified_time\" content=\"2024-09-17T11:00:44+00:00\" \/>\n<meta name=\"twitter:card\" content=\"summary_large_image\" \/>\n<meta name=\"twitter:label1\" content=\"Est. reading time\" \/>\n\t<meta name=\"twitter:data1\" content=\"5 minutes\" \/>\n<script type=\"application\/ld+json\" class=\"yoast-schema-graph\">{\"@context\":\"https:\/\/schema.org\",\"@graph\":[{\"@type\":\"WebPage\",\"@id\":\"https:\/\/lestmartinlaval.com\/en\/rooms\/\",\"url\":\"https:\/\/lestmartinlaval.com\/en\/rooms\/\",\"name\":\"Rooms - Hotel Le St-Martin Laval | Laval, Canada\",\"isPartOf\":{\"@id\":\"https:\/\/lestmartinlaval.com\/en\/#website\"},\"datePublished\":\"2024-04-12T14:12:18+00:00\",\"dateModified\":\"2024-09-17T11:00:44+00:00\",\"breadcrumb\":{\"@id\":\"https:\/\/lestmartinlaval.com\/en\/rooms\/#breadcrumb\"},\"inLanguage\":\"en-US\",\"potentialAction\":[{\"@type\":\"ReadAction\",\"target\":[\"https:\/\/lestmartinlaval.com\/en\/rooms\/\"]}]},{\"@type\":\"BreadcrumbList\",\"@id\":\"https:\/\/lestmartinlaval.com\/en\/rooms\/#breadcrumb\",\"itemListElement\":[{\"@type\":\"ListItem\",\"position\":1,\"name\":\"Home\",\"item\":\"https:\/\/lestmartinlaval.com\/en\/\"},{\"@type\":\"ListItem\",\"position\":2,\"name\":\"Rooms\"}]},{\"@type\":\"WebSite\",\"@id\":\"https:\/\/lestmartinlaval.com\/en\/#website\",\"url\":\"https:\/\/lestmartinlaval.com\/en\/\",\"name\":\"Hotel Le St-Martin Laval | Laval, Canada\",\"description\":\"Hotel Le st martin laval\",\"potentialAction\":[{\"@type\":\"SearchAction\",\"target\":{\"@type\":\"EntryPoint\",\"urlTemplate\":\"https:\/\/lestmartinlaval.com\/en\/?s={search_term_string}\"},\"query-input\":{\"@type\":\"PropertyValueSpecification\",\"valueRequired\":true,\"valueName\":\"search_term_string\"}}],\"inLanguage\":\"en-US\"}]}<\/script>\n<!-- \/ Yoast SEO plugin. -->","yoast_head_json":{"title":"Rooms - Hotel Le St-Martin Laval | Laval, Canada","robots":{"index":"index","follow":"follow","max-snippet":"max-snippet:-1","max-image-preview":"max-image-preview:large","max-video-preview":"max-video-preview:-1"},"canonical":"https:\/\/lestmartinlaval.com\/en\/rooms\/","og_locale":"en_US","og_type":"article","og_title":"Rooms - Hotel Le St-Martin Laval | Laval, Canada","og_description":"[vc_row full_width=&#8221;stretch_row_content_no_spaces&#8221; equal_height=&#8221;yes&#8221; content_placement=&#8221;bottom&#8221;][vc_column width=&#8221;9\/12&#8243; css=&#8221;.vc_custom_1553952773173{padding-top: 150px !important;padding-bottom: 150px !important;background-image: url(https:\/\/lestmartinlaval.com\/wp-content\/uploads\/2019\/03\/Untitled-design-10.jpeg?id=1910) !important;background-position: center !important;background-repeat: no-repeat !important;background-size: cover !important;}&#8221;][\/vc_column][vc_column width=&#8221;3\/12&#8243;][vc_separator color=&#8221;custom&#8221; align=&#8221;align_left&#8221; border_width=&#8221;10&#8243; el_width=&#8221;30&#8243; accent_color=&#8221;#827717&#8243; css=&#8221;.vc_custom_1510541357840{margin-bottom: 10px !important;margin-left: 20px !important;}&#8221;][vc_column_text css=&#8221;.vc_custom_1514644389628{margin-left: 20px !important;}&#8221;] \u00a0CHOISISSEZ \u00a0VOTRE DATE\u00a0 [\/vc_column_text][vc_btn title=&#8221;R\u00c9SERVEZ&#8221; style=&#8221;flat&#8221; shape=&#8221;square&#8221; color=&#8221;black&#8221; size=&#8221;lg&#8221; align=&#8221;left&#8221; css=&#8221;.vc_custom_1710425474906{margin-bottom: 0px !important;}&#8221; link=&#8221;url:https%3A%2F%2Freservations.travelclick.com%2F77289%3FhotelId%3D77289%26languageID%3D2%23%2Fguestsandrooms|&#8221;][\/vc_column][\/vc_row][vc_row][vc_column width=&#8221;7\/12&#8243; css=&#8221;.vc_custom_1510542861796{margin-bottom: 0px !important;padding-top: 50px !important;padding-bottom: 50px !important;}&#8221;][vc_column_text css=&#8221;.vc_custom_1677874543718{margin-left:&hellip;","og_url":"https:\/\/lestmartinlaval.com\/en\/rooms\/","og_site_name":"Hotel Le St-Martin Laval | Laval, Canada","article_publisher":"https:\/\/www.facebook.com\/hotellestmartinlaval\/","article_modified_time":"2024-09-17T11:00:44+00:00","twitter_card":"summary_large_image","twitter_misc":{"Est. reading time":"5 minutes"},"schema":{"@context":"https:\/\/schema.org","@graph":[{"@type":"WebPage","@id":"https:\/\/lestmartinlaval.com\/en\/rooms\/","url":"https:\/\/lestmartinlaval.com\/en\/rooms\/","name":"Rooms - Hotel Le St-Martin Laval | Laval, Canada","isPartOf":{"@id":"https:\/\/lestmartinlaval.com\/en\/#website"},"datePublished":"2024-04-12T14:12:18+00:00","dateModified":"2024-09-17T11:00:44+00:00","breadcrumb":{"@id":"https:\/\/lestmartinlaval.com\/en\/rooms\/#breadcrumb"},"inLanguage":"en-US","potentialAction":[{"@type":"ReadAction","target":["https:\/\/lestmartinlaval.com\/en\/rooms\/"]}]},{"@type":"BreadcrumbList","@id":"https:\/\/lestmartinlaval.com\/en\/rooms\/#breadcrumb","itemListElement":[{"@type":"ListItem","position":1,"name":"Home","item":"https:\/\/lestmartinlaval.com\/en\/"},{"@type":"ListItem","position":2,"name":"Rooms"}]},{"@type":"WebSite","@id":"https:\/\/lestmartinlaval.com\/en\/#website","url":"https:\/\/lestmartinlaval.com\/en\/","name":"Hotel Le St-Martin Laval | Laval, Canada","description":"Hotel Le st martin laval","potentialAction":[{"@type":"SearchAction","target":{"@type":"EntryPoint","urlTemplate":"https:\/\/lestmartinlaval.com\/en\/?s={search_term_string}"},"query-input":{"@type":"PropertyValueSpecification","valueRequired":true,"valueName":"search_term_string"}}],"inLanguage":"en-US"}]}},"_links":{"self":[{"href":"https:\/\/lestmartinlaval.com\/en\/wp-json\/wp\/v2\/pages\/2801","targetHints":{"allow":["GET"]}}],"collection":[{"href":"https:\/\/lestmartinlaval.com\/en\/wp-json\/wp\/v2\/pages"}],"about":[{"href":"https:\/\/lestmartinlaval.com\/en\/wp-json\/wp\/v2\/types\/page"}],"author":[{"embeddable":true,"href":"https:\/\/lestmartinlaval.com\/en\/wp-json\/wp\/v2\/users\/7"}],"replies":[{"embeddable":true,"href":"https:\/\/lestmartinlaval.com\/en\/wp-json\/wp\/v2\/comments?post=2801"}],"version-history":[{"count":3,"href":"https:\/\/lestmartinlaval.com\/en\/wp-json\/wp\/v2\/pages\/2801\/revisions"}],"predecessor-version":[{"id":3295,"href":"https:\/\/lestmartinlaval.com\/en\/wp-json\/wp\/v2\/pages\/2801\/revisions\/3295"}],"wp:attachment":[{"href":"https:\/\/lestmartinlaval.com\/en\/wp-json\/wp\/v2\/media?parent=2801"}],"curies":[{"name":"wp","href":"https:\/\/api.w.org\/{rel}","templated":true}]}}